{"id":42,"date":"2022-06-06T13:58:52","date_gmt":"2022-06-06T16:58:52","guid":{"rendered":"https:\/\/dinosgroup.com.br\/portal\/?page_id=42"},"modified":"2023-04-05T09:13:20","modified_gmt":"2023-04-05T12:13:20","slug":"politica-de-privacidade","status":"publish","type":"page","link":"https:\/\/dinosgroup.com.br\/portal\/politica-de-privacidade\/","title":{"rendered":"Pol\u00edtica de Privacidade"},"content":{"rendered":"\t\t<div data-elementor-type=\"wp-page\" data-elementor-id=\"42\" class=\"elementor elementor-42\" data-elementor-post-type=\"page\">\n\t\t\t\t<div class=\"elementor-element elementor-element-bb1aafa e-flex e-con-boxed e-con e-parent\" data-id=\"bb1aafa\" data-element_type=\"container\" data-settings=\"{&quot;background_background&quot;:&quot;classic&quot;}\">\n\t\t\t\t\t<div class=\"e-con-inner\">\n\t\t<div class=\"elementor-element elementor-element-2acaa24 e-con-full e-flex e-con e-child\" data-id=\"2acaa24\" data-element_type=\"container\">\n\t\t\t\t<div class=\"elementor-element elementor-element-e77649c elementor-widget elementor-widget-heading\" data-id=\"e77649c\" data-element_type=\"widget\" data-widget_type=\"heading.default\">\n\t\t\t\t<div class=\"elementor-widget-container\">\n\t\t\t\t\t<p class=\"elementor-heading-title elementor-size-default\">Pol\u00edtica de Privacidade<\/p>\t\t\t\t<\/div>\n\t\t\t\t<\/div>\n\t\t\t\t<\/div>\n\t\t<div class=\"elementor-element elementor-element-89f7fc3 e-con-full e-flex e-con e-child\" data-id=\"89f7fc3\" data-element_type=\"container\">\n\t\t\t\t<div class=\"elementor-element elementor-element-a161e76 elementor-icon-list--layout-inline elementor-align-right elementor-mobile-align-center elementor-list-item-link-full_width elementor-widget elementor-widget-icon-list\" data-id=\"a161e76\" data-element_type=\"widget\" data-widget_type=\"icon-list.default\">\n\t\t\t\t<div class=\"elementor-widget-container\">\n\t\t\t\t\t\t\t<ul class=\"elementor-icon-list-items elementor-inline-items\">\n\t\t\t\t\t\t\t<li class=\"elementor-icon-list-item elementor-inline-item\">\n\t\t\t\t\t\t\t\t\t\t\t<a href=\"https:\/\/dinosgroup.com.br\/portal\/\">\n\n\t\t\t\t\t\t\t\t\t\t\t\t<span class=\"elementor-icon-list-icon\">\n\t\t\t\t\t\t\t<svg aria-hidden=\"true\" class=\"e-font-icon-svg e-fas-angle-double-right\" viewBox=\"0 0 448 512\" xmlns=\"http:\/\/www.w3.org\/2000\/svg\"><path d=\"M224.3 273l-136 136c-9.4 9.4-24.6 9.4-33.9 0l-22.6-22.6c-9.4-9.4-9.4-24.6 0-33.9l96.4-96.4-96.4-96.4c-9.4-9.4-9.4-24.6 0-33.9L54.3 103c9.4-9.4 24.6-9.4 33.9 0l136 136c9.5 9.4 9.5 24.6.1 34zm192-34l-136-136c-9.4-9.4-24.6-9.4-33.9 0l-22.6 22.6c-9.4 9.4-9.4 24.6 0 33.9l96.4 96.4-96.4 96.4c-9.4 9.4-9.4 24.6 0 33.9l22.6 22.6c9.4 9.4 24.6 9.4 33.9 0l136-136c9.4-9.2 9.4-24.4 0-33.8z\"><\/path><\/svg>\t\t\t\t\t\t<\/span>\n\t\t\t\t\t\t\t\t\t\t<span class=\"elementor-icon-list-text\">P\u00e1gina Inicial<\/span>\n\t\t\t\t\t\t\t\t\t\t\t<\/a>\n\t\t\t\t\t\t\t\t\t<\/li>\n\t\t\t\t\t\t\t\t<li class=\"elementor-icon-list-item elementor-inline-item\">\n\t\t\t\t\t\t\t\t\t\t\t<a href=\"https:\/\/dinosgroup.com.br\/portal\/politica-de-privacidade\/\">\n\n\t\t\t\t\t\t\t\t\t\t\t\t<span class=\"elementor-icon-list-icon\">\n\t\t\t\t\t\t\t<svg aria-hidden=\"true\" class=\"e-font-icon-svg e-fas-angle-double-right\" viewBox=\"0 0 448 512\" xmlns=\"http:\/\/www.w3.org\/2000\/svg\"><path d=\"M224.3 273l-136 136c-9.4 9.4-24.6 9.4-33.9 0l-22.6-22.6c-9.4-9.4-9.4-24.6 0-33.9l96.4-96.4-96.4-96.4c-9.4-9.4-9.4-24.6 0-33.9L54.3 103c9.4-9.4 24.6-9.4 33.9 0l136 136c9.5 9.4 9.5 24.6.1 34zm192-34l-136-136c-9.4-9.4-24.6-9.4-33.9 0l-22.6 22.6c-9.4 9.4-9.4 24.6 0 33.9l96.4 96.4-96.4 96.4c-9.4 9.4-9.4 24.6 0 33.9l22.6 22.6c9.4 9.4 24.6 9.4 33.9 0l136-136c9.4-9.2 9.4-24.4 0-33.8z\"><\/path><\/svg>\t\t\t\t\t\t<\/span>\n\t\t\t\t\t\t\t\t\t\t<span class=\"elementor-icon-list-text\">Pol\u00edtica de Privaciade<\/span>\n\t\t\t\t\t\t\t\t\t\t\t<\/a>\n\t\t\t\t\t\t\t\t\t<\/li>\n\t\t\t\t\t\t<\/ul>\n\t\t\t\t\t\t<\/div>\n\t\t\t\t<\/div>\n\t\t\t\t<\/div>\n\t\t\t\t\t<\/div>\n\t\t\t\t<\/div>\n\t\t<div class=\"elementor-element elementor-element-7421fd3 e-flex e-con-boxed e-con e-parent\" data-id=\"7421fd3\" data-element_type=\"container\">\n\t\t\t\t\t<div class=\"e-con-inner\">\n\t\t<div class=\"elementor-element elementor-element-e3c96b1 e-flex e-con-boxed e-con e-child\" data-id=\"e3c96b1\" data-element_type=\"container\" data-settings=\"{&quot;background_background&quot;:&quot;classic&quot;}\">\n\t\t\t\t\t<div class=\"e-con-inner\">\n\t\t\t\t<div class=\"elementor-element elementor-element-ec21c1a elementor-widget elementor-widget-text-editor\" data-id=\"ec21c1a\" data-element_type=\"widget\" data-widget_type=\"text-editor.default\">\n\t\t\t\t<div class=\"elementor-widget-container\">\n\t\t\t\t\t\t\t\t\t<p>A sua privacidade \u00e9 importante para n\u00f3s. \u00c9 nossa pol\u00edtica respeitar a sua privacidade em rela\u00e7\u00e3o a qualquer informa\u00e7\u00e3o sua que possamos coletar em nosso site, e outros sites que possu\u00edmos e operamos.<\/p><p>Solicitamos informa\u00e7\u00f5es pessoais apenas quando realmente precisamos delas, para lhe fornecer um servi\u00e7o. Fazemos isso por meios justos e legais, com o seu conhecimento e consentimento. Tamb\u00e9m informamos por que estamos coletando e como ser\u00e1 usada estas informa\u00e7\u00f5es.<\/p><p>Apenas retemos as informa\u00e7\u00f5es coletadas pelo tempo necess\u00e1rio para fornecer o servi\u00e7o solicitado. Quando armazenamos dados, protegemos dentro de meios comercialmente aceit\u00e1veis para evitar perdas e roubos, bem como acesso, divulga\u00e7\u00e3o, c\u00f3pia, uso ou modifica\u00e7\u00e3o n\u00e3o autorizados.<\/p><p>N\u00e3o compartilhamos informa\u00e7\u00f5es de identifica\u00e7\u00e3o pessoal publicamente ou com terceiros, exceto quando exigido por lei.<\/p><p>O nosso site pode ter links para sites externos que n\u00e3o s\u00e3o operados por n\u00f3s. Esteja ciente de que n\u00e3o temos controle sobre os conte\u00fados e pr\u00e1ticas desses sites e n\u00e3o podemos aceitar ou assumir responsabilidades por suas respectivas pol\u00edticas de privacidade ou opera\u00e7\u00f5es na internet.<\/p><p>Voc\u00ea \u00e9 livre para recusar a nossa solicita\u00e7\u00e3o de informa\u00e7\u00f5es pessoais e registro de cookies, entendendo que talvez n\u00e3o possamos fornecer alguns dos servi\u00e7os desejados.<\/p><p>O uso continuado de nosso site ser\u00e1 considerado como aceita\u00e7\u00e3o de nossas pr\u00e1ticas em torno de privacidade e informa\u00e7\u00f5es pessoais. Se voc\u00ea tiver alguma d\u00favida sobre como lidamos com dados do usu\u00e1rio e informa\u00e7\u00f5es pessoais, entre em contato conosco.<\/p><p>Nossa Pol\u00edtica de Cookies. O que s\u00e3o cookies?<\/p><p>Como \u00e9 pr\u00e1tica comum em quase todos os sites profissionais, este site usa cookies, que s\u00e3o pequenos arquivos baixados no seu computador, para melhorar sua experi\u00eancia. Esta p\u00e1gina descreve quais informa\u00e7\u00f5es eles coletam, como as usamos e por que \u00e0s vezes precisamos armazenar esses cookies.<\/p><p>Tamb\u00e9m compartilharemos como voc\u00ea pode impedir que esses cookies sejam armazenados, no entanto, isso pode fazer o downgrade ou \u2018quebrar\u2019 certos elementos da funcionalidade do site.<\/p><p>Como usamos os cookies?<\/p><p>Utilizamos cookies por v\u00e1rios motivos, detalhados abaixo. Infelizmente, na maioria dos casos, n\u00e3o existem op\u00e7\u00f5es padr\u00e3o do setor para desativar os cookies sem desativar completamente algumas funcionalidades e\u00a0 recursos que eles adicionam a este site.<\/p><p>\u00c9 recomend\u00e1vel que voc\u00ea deixe todos os cookies ativos, se n\u00e3o tiver certeza se precisa ou n\u00e3o deles, caso sejam usados para fornecer um servi\u00e7o que voc\u00ea usa.<\/p><p>Desativar cookies.<\/p><p>Voc\u00ea pode impedir a configura\u00e7\u00e3o de cookies ajustando as configura\u00e7\u00f5es do seu navegador (consulte a ajuda do seu navegador de internet para saber como fazer isso). Esteja ciente de que a desativa\u00e7\u00e3o de cookies afetar\u00e1 a funcionalidade deste e de muitos outros sites que voc\u00ea visita.<\/p><p>A desativa\u00e7\u00e3o de cookies geralmente resultar\u00e1 na desativa\u00e7\u00e3o de determinadas funcionalidades e recursos deste site. Portanto, \u00e9 recomend\u00e1vel que voc\u00ea n\u00e3o desative os cookies.<\/p><p>Cookies que definimos e cookies relacionados \u00e0 conta.<\/p><p>Caso este site permita a cria\u00e7\u00e3o de uma conta e voc\u00ea criar uma conta conosco, usaremos cookies para o gerenciamento do processo de inscri\u00e7\u00e3o e administra\u00e7\u00e3o geral. Esses cookies geralmente ser\u00e3o exclu\u00eddos quando voc\u00ea sair do sistema, por\u00e9m, em alguns casos, eles poder\u00e3o permanecer posteriormente para lembrar as prefer\u00eancias do seu site ao sair.<\/p><p>Cookies relacionados ao login.<\/p><p>Caso este site permita a cria\u00e7\u00e3o de uma conta, ou acesso a \u00e1rea de login, utilizaremos cookies quando voc\u00ea estiver logado, para que possamos lembrar dessa a\u00e7\u00e3o. Isso evita que voc\u00ea precise fazer login sempre que visitar uma nova p\u00e1gina. Esses cookies s\u00e3o normalmente removidos ou limpos quando voc\u00ea efetua logout para garantir que voc\u00ea possa acessar apenas a recursos e \u00e1reas restritas ao efetuar login.<\/p><p>Cookies relacionados a boletins por e-mail.<\/p><p>Este site oferece servi\u00e7os de assinatura de boletim informativo, newsletter ou e-mail e os cookies podem ser usados para lembrar se voc\u00ea j\u00e1 est\u00e1 registrado, e se deve mostrar determinadas notifica\u00e7\u00f5es v\u00e1lidas apenas para usu\u00e1rios inscritos \/ n\u00e3o inscritos.<\/p><p>Pedidos processando cookies relacionados.<\/p><p>Caso em algum momento este site venha oferecer facilidades de com\u00e9rcio eletr\u00f4nico, compra online ou pagamento online, alguns cookies s\u00e3o essenciais para garantir que seu pedido seja lembrado entre as p\u00e1ginas, para que possamos process\u00e1-lo adequadamente para voc\u00ea.<\/p><p>Cookies relacionados a pesquisas.<\/p><p>Periodicamente, oferecemos pesquisas e question\u00e1rios para fornecer informa\u00e7\u00f5es interessantes, ferramentas \u00fateis ou para entender nossa base de usu\u00e1rios com mais precis\u00e3o. Essas pesquisas podem usar cookies para lembrar quem j\u00e1 participou de uma pesquisa ou para fornecer resultados precisos ap\u00f3s a altera\u00e7\u00e3o das p\u00e1ginas.<\/p><p>Cookies relacionados a formul\u00e1rios.<\/p><p>Quando voc\u00ea envia dados por meio de um formul\u00e1rio como os encontrados nas p\u00e1ginas de contato ou qualquer outro tipo de formul\u00e1rio como nos formul\u00e1rios de coment\u00e1rios, or\u00e7amento, solicita\u00e7\u00e3o de contato entre outros os cookies podem ser configurados para lembrar os detalhes do usu\u00e1rio para correspond\u00eancia futura.<\/p><p>Cookies de prefer\u00eancias do site.<\/p><p>Para proporcionar uma \u00f3tima experi\u00eancia neste site, fornecemos a funcionalidade para definir suas prefer\u00eancias de como esse site \u00e9 executado quando voc\u00ea o usa.<\/p><p>Para lembrar suas prefer\u00eancias, precisamos definir cookies para que essas informa\u00e7\u00f5es possam ser chamadas sempre que voc\u00ea interagir com uma p\u00e1gina e for afetada por suas prefer\u00eancias.<\/p><p>Cookies de terceiros.<\/p><p>Em alguns casos especiais, tamb\u00e9m usamos cookies fornecidos por terceiros confi\u00e1veis. A se\u00e7\u00e3o a seguir detalha quais cookies de terceiros voc\u00ea pode encontrar atrav\u00e9s deste site.<\/p><p>Este site usa o Google Analytics, que \u00e9 uma das solu\u00e7\u00f5es de an\u00e1lise mais difundidas e confi\u00e1veis da Web, para nos ajudar a entender como voc\u00ea usa o site e como podemos melhorar sua experi\u00eancia.<\/p><p>Esses cookies podem rastrear itens como quanto tempo voc\u00ea gasta no site e as p\u00e1ginas visitadas, para que possamos continuar produzindo conte\u00fado atraente.<\/p><p>Para mais informa\u00e7\u00f5es sobre cookies do Google Analytics, consulte a p\u00e1gina oficial do Google Analytics.<\/p><p>As an\u00e1lises de terceiros s\u00e3o usadas para rastrear e medir o uso deste site, para que possamos continuar produzindo conte\u00fado atrativo. Esses cookies podem rastrear itens como o tempo que voc\u00ea passa no site ou as p\u00e1ginas visitadas, o que nos ajuda a entender como podemos melhorar o site para voc\u00ea.<\/p><p>Cookies de an\u00fancios.<\/p><p>Podemos em algum momento utilizar o PIXEL e TAG do Facebook\/Instagram, LinkedIn, Pinterest, Google\/Youtube e TikTok neste site. Manter essa configura\u00e7\u00e3o ativas far\u00e1 com que possamos veicular an\u00fancios customizados de acordo com sua prefer\u00eancia, e entender o comportamento dos visitantes de nosso site.<\/p><p>Periodicamente, testamos novos recursos e fazemos altera\u00e7\u00f5es em nosso site na maneira como o site se apresenta. Quando ainda estamos testando novos recursos, esses cookies podem ser usados para garantir que voc\u00ea receba uma experi\u00eancia consistente, uma nevega\u00e7\u00e3o aprimorada enquanto estiver em nosso site, enquanto entendemos quais otimiza\u00e7\u00f5es os nossos usu\u00e1rios mais apreciam para assim otimizar sua experi\u00eancia.<\/p><p>\u00c0 medida que vendemos produtos e prestamos servi\u00e7os, \u00e9 importante entendermos as estat\u00edsticas sobre quantos visitantes de nosso site realmente compram e interagem conosco, portanto, esse \u00e9 o tipo de dados que esses cookies rastrear\u00e3o.<\/p><p>Isso \u00e9 importante para voc\u00ea, pois significa que podemos fazer previs\u00f5es de neg\u00f3cios com precis\u00e3o que nos permitem analizar nossos custos de publicidade e produtos e servi\u00e7os para garantir sempre o melhor para voc\u00ea.<\/p><p>Mais informa\u00e7\u00f5es.<\/p><p>Esperemos que esteja esclarecido e, como mencionado anteriormente, se houver algo que voc\u00ea n\u00e3o tem certeza se precisa ou n\u00e3o, geralmente \u00e9 mais seguro deixar os cookies ativados, caso interaja com um dos recursos que voc\u00ea usa em nosso site.<\/p><p>A dentora do deste site reserva-se o direito de alterar esta Pol\u00edtica de Privacidade, e caso isso ocorra ir\u00e1 fornecer uma notifica\u00e7\u00e3o das altera\u00e7\u00f5es atrav\u00e9s de nosso site, pelo menos quinze (15) dias antes das altera\u00e7\u00f5es entrarem em vigor.<\/p><p>N\u00f3s usamos medidas de seguran\u00e7a administrativa, t\u00e9cnica, f\u00edsica adequadas para proteger os dados de nossos clientes.<\/p><p>Declaramos que nosso SITE ONLINE se encontra em total conformidade com a legisla\u00e7\u00e3o: Lei Brasileira da LGPD\u00a013.709\/2018,\u00a0Regulamento Geral sobre a Prote\u00e7\u00e3o de Dados (RGPD) (UE) 2016\/679 al\u00e9m do Marco C\u00edvil da Internet.<\/p><p>Qualquer quest\u00e3o relacionada com nosso site ou esta Pol\u00edtica de Privacidade devem ser dirigidas ao email.<\/p><p>Nome: <b>Dinos Group<\/b><br \/>Dominio: <b>dinosgroup.com.br<\/b><br \/>Email: <b>abuse@dinosgroup.com.br<\/b><\/p><p>Pol\u00edtica criada e publicada em: <b>01\/04\/2023<\/b>.<\/p><p>Para maiores informa\u00e7\u00f5es entre em contato conosco.<\/p>\t\t\t\t\t\t\t\t<\/div>\n\t\t\t\t<\/div>\n\t\t\t\t\t<\/div>\n\t\t\t\t<\/div>\n\t\t\t\t\t<\/div>\n\t\t\t\t<\/div>\n\t\t\t\t<\/div>\n\t\t","protected":false},"excerpt":{"rendered":"<p>Pol\u00edtica de Privacidade P\u00e1gina Inicial Pol\u00edtica de Privaciade A sua privacidade \u00e9 importante para n\u00f3s. \u00c9 nossa pol\u00edtica respeitar a sua privacidade em rela\u00e7\u00e3o a qualquer informa\u00e7\u00e3o sua que possamos coletar em nosso site, e outros sites que possu\u00edmos e operamos. Solicitamos informa\u00e7\u00f5es pessoais apenas quando realmente precisamos delas, para lhe fornecer um servi\u00e7o. Fazemos [&hellip;]<\/p>\n","protected":false},"author":1,"featured_media":0,"parent":0,"menu_order":0,"comment_status":"closed","ping_status":"closed","template":"elementor_header_footer","meta":{"footnotes":""},"class_list":["post-42","page","type-page","status-publish","hentry"],"_links":{"self":[{"href":"https:\/\/dinosgroup.com.br\/portal\/wp-json\/wp\/v2\/pages\/42","targetHints":{"allow":["GET"]}}],"collection":[{"href":"https:\/\/dinosgroup.com.br\/portal\/wp-json\/wp\/v2\/pages"}],"about":[{"href":"https:\/\/dinosgroup.com.br\/portal\/wp-json\/wp\/v2\/types\/page"}],"author":[{"embeddable":true,"href":"https:\/\/dinosgroup.com.br\/portal\/wp-json\/wp\/v2\/users\/1"}],"replies":[{"embeddable":true,"href":"https:\/\/dinosgroup.com.br\/portal\/wp-json\/wp\/v2\/comments?post=42"}],"version-history":[{"count":18,"href":"https:\/\/dinosgroup.com.br\/portal\/wp-json\/wp\/v2\/pages\/42\/revisions"}],"predecessor-version":[{"id":1153,"href":"https:\/\/dinosgroup.com.br\/portal\/wp-json\/wp\/v2\/pages\/42\/revisions\/1153"}],"wp:attachment":[{"href":"https:\/\/dinosgroup.com.br\/portal\/wp-json\/wp\/v2\/media?parent=42"}],"curies":[{"name":"wp","href":"https:\/\/api.w.org\/{rel}","templated":true}]}}