{"id":1072,"date":"2023-04-04T13:16:37","date_gmt":"2023-04-04T16:16:37","guid":{"rendered":"https:\/\/dinosgroup.com.br\/portal\/?page_id=1072"},"modified":"2024-12-20T11:46:21","modified_gmt":"2024-12-20T14:46:21","slug":"diretoria","status":"publish","type":"page","link":"https:\/\/dinosgroup.com.br\/portal\/diretoria\/","title":{"rendered":"Diretoria"},"content":{"rendered":"\t\t<div data-elementor-type=\"wp-page\" data-elementor-id=\"1072\" class=\"elementor elementor-1072\" data-elementor-post-type=\"page\">\n\t\t\t\t<div class=\"elementor-element elementor-element-dbb5137 e-flex e-con-boxed e-con e-parent\" data-id=\"dbb5137\" data-element_type=\"container\" data-settings=\"{&quot;background_background&quot;:&quot;classic&quot;}\">\n\t\t\t\t\t<div class=\"e-con-inner\">\n\t\t<div class=\"elementor-element elementor-element-b4bf087 e-con-full e-flex e-con e-child\" data-id=\"b4bf087\" data-element_type=\"container\">\n\t\t\t\t<div class=\"elementor-element elementor-element-b88c93a elementor-widget elementor-widget-heading\" data-id=\"b88c93a\" data-element_type=\"widget\" data-widget_type=\"heading.default\">\n\t\t\t\t<div class=\"elementor-widget-container\">\n\t\t\t\t\t<p class=\"elementor-heading-title elementor-size-default\">Diretoria Executiva \/ 2024-2027<\/p>\t\t\t\t<\/div>\n\t\t\t\t<\/div>\n\t\t\t\t<\/div>\n\t\t<div class=\"elementor-element elementor-element-394a986 e-con-full e-flex e-con e-child\" data-id=\"394a986\" data-element_type=\"container\">\n\t\t\t\t<div class=\"elementor-element elementor-element-c1bfa88 elementor-icon-list--layout-inline elementor-align-right elementor-mobile-align-center elementor-list-item-link-full_width elementor-widget elementor-widget-icon-list\" data-id=\"c1bfa88\" data-element_type=\"widget\" data-widget_type=\"icon-list.default\">\n\t\t\t\t<div class=\"elementor-widget-container\">\n\t\t\t\t\t\t\t<ul class=\"elementor-icon-list-items elementor-inline-items\">\n\t\t\t\t\t\t\t<li class=\"elementor-icon-list-item elementor-inline-item\">\n\t\t\t\t\t\t\t\t\t\t\t<a href=\"https:\/\/dinosgroup.com.br\/portal\/\">\n\n\t\t\t\t\t\t\t\t\t\t\t\t<span class=\"elementor-icon-list-icon\">\n\t\t\t\t\t\t\t<svg aria-hidden=\"true\" class=\"e-font-icon-svg e-fas-angle-double-right\" viewBox=\"0 0 448 512\" xmlns=\"http:\/\/www.w3.org\/2000\/svg\"><path d=\"M224.3 273l-136 136c-9.4 9.4-24.6 9.4-33.9 0l-22.6-22.6c-9.4-9.4-9.4-24.6 0-33.9l96.4-96.4-96.4-96.4c-9.4-9.4-9.4-24.6 0-33.9L54.3 103c9.4-9.4 24.6-9.4 33.9 0l136 136c9.5 9.4 9.5 24.6.1 34zm192-34l-136-136c-9.4-9.4-24.6-9.4-33.9 0l-22.6 22.6c-9.4 9.4-9.4 24.6 0 33.9l96.4 96.4-96.4 96.4c-9.4 9.4-9.4 24.6 0 33.9l22.6 22.6c9.4 9.4 24.6 9.4 33.9 0l136-136c9.4-9.2 9.4-24.4 0-33.8z\"><\/path><\/svg>\t\t\t\t\t\t<\/span>\n\t\t\t\t\t\t\t\t\t\t<span class=\"elementor-icon-list-text\">P\u00e1gina Inicial<\/span>\n\t\t\t\t\t\t\t\t\t\t\t<\/a>\n\t\t\t\t\t\t\t\t\t<\/li>\n\t\t\t\t\t\t\t\t<li class=\"elementor-icon-list-item elementor-inline-item\">\n\t\t\t\t\t\t\t\t\t\t\t<a href=\"https:\/\/dinosgroup.com.br\/portal\/diretoria\/\">\n\n\t\t\t\t\t\t\t\t\t\t\t\t<span class=\"elementor-icon-list-icon\">\n\t\t\t\t\t\t\t<svg aria-hidden=\"true\" class=\"e-font-icon-svg e-fas-angle-double-right\" viewBox=\"0 0 448 512\" xmlns=\"http:\/\/www.w3.org\/2000\/svg\"><path d=\"M224.3 273l-136 136c-9.4 9.4-24.6 9.4-33.9 0l-22.6-22.6c-9.4-9.4-9.4-24.6 0-33.9l96.4-96.4-96.4-96.4c-9.4-9.4-9.4-24.6 0-33.9L54.3 103c9.4-9.4 24.6-9.4 33.9 0l136 136c9.5 9.4 9.5 24.6.1 34zm192-34l-136-136c-9.4-9.4-24.6-9.4-33.9 0l-22.6 22.6c-9.4 9.4-9.4 24.6 0 33.9l96.4 96.4-96.4 96.4c-9.4 9.4-9.4 24.6 0 33.9l22.6 22.6c9.4 9.4 24.6 9.4 33.9 0l136-136c9.4-9.2 9.4-24.4 0-33.8z\"><\/path><\/svg>\t\t\t\t\t\t<\/span>\n\t\t\t\t\t\t\t\t\t\t<span class=\"elementor-icon-list-text\">Diretoria<\/span>\n\t\t\t\t\t\t\t\t\t\t\t<\/a>\n\t\t\t\t\t\t\t\t\t<\/li>\n\t\t\t\t\t\t<\/ul>\n\t\t\t\t\t\t<\/div>\n\t\t\t\t<\/div>\n\t\t\t\t<\/div>\n\t\t\t\t\t<\/div>\n\t\t\t\t<\/div>\n\t\t<div class=\"elementor-element elementor-element-fd64d6e e-flex e-con-boxed e-con e-parent\" data-id=\"fd64d6e\" data-element_type=\"container\">\n\t\t\t\t\t<div class=\"e-con-inner\">\n\t\t<div class=\"elementor-element elementor-element-84f4a01 e-con-full e-flex e-con e-child\" data-id=\"84f4a01\" data-element_type=\"container\">\n\t\t<div class=\"elementor-element elementor-element-843323e e-flex e-con-boxed e-con e-child\" data-id=\"843323e\" data-element_type=\"container\">\n\t\t\t\t\t<div class=\"e-con-inner\">\n\t\t\t\t<div class=\"elementor-element elementor-element-6672516 elementor-widget elementor-widget-image\" data-id=\"6672516\" data-element_type=\"widget\" data-widget_type=\"image.default\">\n\t\t\t\t<div class=\"elementor-widget-container\">\n\t\t\t\t\t\t\t\t\t\t\t\t\t\t\t<img decoding=\"async\" width=\"150\" height=\"150\" src=\"https:\/\/dinosgroup.com.br\/portal\/wp-content\/uploads\/2023\/04\/joao_carlos-150x150.jpg\" class=\"attachment-thumbnail size-thumbnail wp-image-1160\" alt=\"\" srcset=\"https:\/\/dinosgroup.com.br\/portal\/wp-content\/uploads\/2023\/04\/joao_carlos-150x150.jpg 150w, https:\/\/dinosgroup.com.br\/portal\/wp-content\/uploads\/2023\/04\/joao_carlos.jpg 170w\" sizes=\"(max-width: 150px) 100vw, 150px\" \/>\t\t\t\t\t\t\t\t\t\t\t\t\t\t\t<\/div>\n\t\t\t\t<\/div>\n\t\t\t\t<div class=\"elementor-element elementor-element-40db7fc elementor-widget elementor-widget-heading\" data-id=\"40db7fc\" data-element_type=\"widget\" data-widget_type=\"heading.default\">\n\t\t\t\t<div class=\"elementor-widget-container\">\n\t\t\t\t\t<p class=\"elementor-heading-title elementor-size-default\">Jo\u00e3o Carlos Hermenegildo<br> (Chuca)<\/p>\t\t\t\t<\/div>\n\t\t\t\t<\/div>\n\t\t\t\t<div class=\"elementor-element elementor-element-ee91782 elementor-widget elementor-widget-text-editor\" data-id=\"ee91782\" data-element_type=\"widget\" data-widget_type=\"text-editor.default\">\n\t\t\t\t<div class=\"elementor-widget-container\">\n\t\t\t\t\t\t\t\t\t<p>PRESIDENTE<\/p>\t\t\t\t\t\t\t\t<\/div>\n\t\t\t\t<\/div>\n\t\t\t\t\t<\/div>\n\t\t\t\t<\/div>\n\t\t\t\t<\/div>\n\t\t<div class=\"elementor-element elementor-element-3e342ba e-con-full e-flex e-con e-child\" data-id=\"3e342ba\" data-element_type=\"container\">\n\t\t<div class=\"elementor-element elementor-element-0aefab4 e-flex e-con-boxed e-con e-child\" data-id=\"0aefab4\" data-element_type=\"container\">\n\t\t\t\t\t<div class=\"e-con-inner\">\n\t\t\t\t<div class=\"elementor-element elementor-element-0b44347 elementor-widget elementor-widget-image\" data-id=\"0b44347\" data-element_type=\"widget\" data-widget_type=\"image.default\">\n\t\t\t\t<div class=\"elementor-widget-container\">\n\t\t\t\t\t\t\t\t\t\t\t\t\t\t\t<img decoding=\"async\" width=\"150\" height=\"150\" src=\"https:\/\/dinosgroup.com.br\/portal\/wp-content\/uploads\/2023\/04\/rubens-150x150.jpg\" class=\"attachment-thumbnail size-thumbnail wp-image-1164\" alt=\"\" srcset=\"https:\/\/dinosgroup.com.br\/portal\/wp-content\/uploads\/2023\/04\/rubens-150x150.jpg 150w, https:\/\/dinosgroup.com.br\/portal\/wp-content\/uploads\/2023\/04\/rubens.jpg 170w\" sizes=\"(max-width: 150px) 100vw, 150px\" \/>\t\t\t\t\t\t\t\t\t\t\t\t\t\t\t<\/div>\n\t\t\t\t<\/div>\n\t\t\t\t<div class=\"elementor-element elementor-element-62ee02c elementor-widget elementor-widget-heading\" data-id=\"62ee02c\" data-element_type=\"widget\" data-widget_type=\"heading.default\">\n\t\t\t\t<div class=\"elementor-widget-container\">\n\t\t\t\t\t<p class=\"elementor-heading-title elementor-size-default\">Rubens C\u00e9sar Perez<\/p>\t\t\t\t<\/div>\n\t\t\t\t<\/div>\n\t\t\t\t<div class=\"elementor-element elementor-element-10c3ecf elementor-widget elementor-widget-text-editor\" data-id=\"10c3ecf\" data-element_type=\"widget\" data-widget_type=\"text-editor.default\">\n\t\t\t\t<div class=\"elementor-widget-container\">\n\t\t\t\t\t\t\t\t\t<p>VICE PRESIDENTE<\/p>\t\t\t\t\t\t\t\t<\/div>\n\t\t\t\t<\/div>\n\t\t\t\t\t<\/div>\n\t\t\t\t<\/div>\n\t\t\t\t<\/div>\n\t\t<div class=\"elementor-element elementor-element-e1ac3a8 e-con-full e-flex e-con e-child\" data-id=\"e1ac3a8\" data-element_type=\"container\">\n\t\t<div class=\"elementor-element elementor-element-b9226ae e-flex e-con-boxed e-con e-child\" data-id=\"b9226ae\" data-element_type=\"container\">\n\t\t\t\t\t<div class=\"e-con-inner\">\n\t\t\t\t<div class=\"elementor-element elementor-element-3b64dcc elementor-widget elementor-widget-image\" data-id=\"3b64dcc\" data-element_type=\"widget\" data-widget_type=\"image.default\">\n\t\t\t\t<div class=\"elementor-widget-container\">\n\t\t\t\t\t\t\t\t\t\t\t\t\t\t\t<img decoding=\"async\" width=\"150\" height=\"150\" src=\"https:\/\/dinosgroup.com.br\/portal\/wp-content\/uploads\/2023\/04\/edson-1-150x150.jpg\" class=\"attachment-thumbnail size-thumbnail wp-image-1184\" alt=\"\" srcset=\"https:\/\/dinosgroup.com.br\/portal\/wp-content\/uploads\/2023\/04\/edson-1-150x150.jpg 150w, https:\/\/dinosgroup.com.br\/portal\/wp-content\/uploads\/2023\/04\/edson-1.jpg 170w\" sizes=\"(max-width: 150px) 100vw, 150px\" \/>\t\t\t\t\t\t\t\t\t\t\t\t\t\t\t<\/div>\n\t\t\t\t<\/div>\n\t\t\t\t<div class=\"elementor-element elementor-element-9bc62a3 elementor-widget elementor-widget-heading\" data-id=\"9bc62a3\" data-element_type=\"widget\" data-widget_type=\"heading.default\">\n\t\t\t\t<div class=\"elementor-widget-container\">\n\t\t\t\t\t<p class=\"elementor-heading-title elementor-size-default\">Edson Haddad<\/p>\t\t\t\t<\/div>\n\t\t\t\t<\/div>\n\t\t\t\t<div class=\"elementor-element elementor-element-d0a6fee elementor-widget elementor-widget-text-editor\" data-id=\"d0a6fee\" data-element_type=\"widget\" data-widget_type=\"text-editor.default\">\n\t\t\t\t<div class=\"elementor-widget-container\">\n\t\t\t\t\t\t\t\t\t<p>DIRETOR ADMINISTRATIVO<\/p>\t\t\t\t\t\t\t\t<\/div>\n\t\t\t\t<\/div>\n\t\t\t\t\t<\/div>\n\t\t\t\t<\/div>\n\t\t\t\t<\/div>\n\t\t\t\t\t<\/div>\n\t\t\t\t<\/div>\n\t\t<div class=\"elementor-element elementor-element-644d2f1 e-flex e-con-boxed e-con e-parent\" data-id=\"644d2f1\" data-element_type=\"container\">\n\t\t\t\t\t<div class=\"e-con-inner\">\n\t\t<div class=\"elementor-element elementor-element-95d7c20 e-con-full e-flex e-con e-child\" data-id=\"95d7c20\" data-element_type=\"container\">\n\t\t<div class=\"elementor-element elementor-element-7ca8ef9 e-flex e-con-boxed e-con e-child\" data-id=\"7ca8ef9\" data-element_type=\"container\">\n\t\t\t\t\t<div class=\"e-con-inner\">\n\t\t\t\t<div class=\"elementor-element elementor-element-e6289c1 elementor-widget elementor-widget-image\" data-id=\"e6289c1\" data-element_type=\"widget\" data-widget_type=\"image.default\">\n\t\t\t\t<div class=\"elementor-widget-container\">\n\t\t\t\t\t\t\t\t\t\t\t\t\t\t\t<img loading=\"lazy\" decoding=\"async\" width=\"150\" height=\"150\" src=\"https:\/\/dinosgroup.com.br\/portal\/wp-content\/uploads\/2023\/04\/joao_luis-150x150.jpg\" class=\"attachment-thumbnail size-thumbnail wp-image-1186\" alt=\"\" srcset=\"https:\/\/dinosgroup.com.br\/portal\/wp-content\/uploads\/2023\/04\/joao_luis-150x150.jpg 150w, https:\/\/dinosgroup.com.br\/portal\/wp-content\/uploads\/2023\/04\/joao_luis.jpg 170w\" sizes=\"(max-width: 150px) 100vw, 150px\" \/>\t\t\t\t\t\t\t\t\t\t\t\t\t\t\t<\/div>\n\t\t\t\t<\/div>\n\t\t\t\t<div class=\"elementor-element elementor-element-8b479a2 elementor-widget elementor-widget-heading\" data-id=\"8b479a2\" data-element_type=\"widget\" data-widget_type=\"heading.default\">\n\t\t\t\t<div class=\"elementor-widget-container\">\n\t\t\t\t\t<p class=\"elementor-heading-title elementor-size-default\">Jo\u00e3o Lu\u00eds Correa Leite<\/p>\t\t\t\t<\/div>\n\t\t\t\t<\/div>\n\t\t\t\t<div class=\"elementor-element elementor-element-6f84c80 elementor-widget elementor-widget-text-editor\" data-id=\"6f84c80\" data-element_type=\"widget\" data-widget_type=\"text-editor.default\">\n\t\t\t\t<div class=\"elementor-widget-container\">\n\t\t\t\t\t\t\t\t\t<p>DIRETOR T\u00c9CNICO<\/p>\t\t\t\t\t\t\t\t<\/div>\n\t\t\t\t<\/div>\n\t\t\t\t\t<\/div>\n\t\t\t\t<\/div>\n\t\t\t\t<\/div>\n\t\t<div class=\"elementor-element elementor-element-e30c902 e-con-full e-flex e-con e-child\" data-id=\"e30c902\" data-element_type=\"container\">\n\t\t<div class=\"elementor-element elementor-element-da315a2 e-flex e-con-boxed e-con e-child\" data-id=\"da315a2\" data-element_type=\"container\">\n\t\t\t\t\t<div class=\"e-con-inner\">\n\t\t\t\t<div class=\"elementor-element elementor-element-647cb2b elementor-widget elementor-widget-image\" data-id=\"647cb2b\" data-element_type=\"widget\" data-widget_type=\"image.default\">\n\t\t\t\t<div class=\"elementor-widget-container\">\n\t\t\t\t\t\t\t\t\t\t\t\t\t\t\t<img loading=\"lazy\" decoding=\"async\" width=\"150\" height=\"150\" src=\"https:\/\/dinosgroup.com.br\/portal\/wp-content\/uploads\/2024\/12\/Foto-Nelson-Castro-6-x-6-cm-150x150.png\" class=\"attachment-thumbnail size-thumbnail wp-image-2132\" alt=\"\" srcset=\"https:\/\/dinosgroup.com.br\/portal\/wp-content\/uploads\/2024\/12\/Foto-Nelson-Castro-6-x-6-cm-150x150.png 150w, https:\/\/dinosgroup.com.br\/portal\/wp-content\/uploads\/2024\/12\/Foto-Nelson-Castro-6-x-6-cm-300x300.png 300w, https:\/\/dinosgroup.com.br\/portal\/wp-content\/uploads\/2024\/12\/Foto-Nelson-Castro-6-x-6-cm.png 709w\" sizes=\"(max-width: 150px) 100vw, 150px\" \/>\t\t\t\t\t\t\t\t\t\t\t\t\t\t\t<\/div>\n\t\t\t\t<\/div>\n\t\t\t\t<div class=\"elementor-element elementor-element-589c3fc elementor-widget elementor-widget-heading\" data-id=\"589c3fc\" data-element_type=\"widget\" data-widget_type=\"heading.default\">\n\t\t\t\t<div class=\"elementor-widget-container\">\n\t\t\t\t\t<p class=\"elementor-heading-title elementor-size-default\">Nelson Castro<\/p>\t\t\t\t<\/div>\n\t\t\t\t<\/div>\n\t\t\t\t<div class=\"elementor-element elementor-element-59d4bcc elementor-widget elementor-widget-text-editor\" data-id=\"59d4bcc\" data-element_type=\"widget\" data-widget_type=\"text-editor.default\">\n\t\t\t\t<div class=\"elementor-widget-container\">\n\t\t\t\t\t\t\t\t\t<p>DIRETOR FINANCEIRO<\/p>\t\t\t\t\t\t\t\t<\/div>\n\t\t\t\t<\/div>\n\t\t\t\t\t<\/div>\n\t\t\t\t<\/div>\n\t\t\t\t<\/div>\n\t\t<div class=\"elementor-element elementor-element-f4ccb22 e-con-full e-flex e-con e-child\" data-id=\"f4ccb22\" data-element_type=\"container\">\n\t\t<div class=\"elementor-element elementor-element-93f9241 e-flex e-con-boxed e-con e-child\" data-id=\"93f9241\" data-element_type=\"container\">\n\t\t\t\t\t<div class=\"e-con-inner\">\n\t\t\t\t<div class=\"elementor-element elementor-element-e360a30 elementor-widget elementor-widget-image\" data-id=\"e360a30\" data-element_type=\"widget\" data-widget_type=\"image.default\">\n\t\t\t\t<div class=\"elementor-widget-container\">\n\t\t\t\t\t\t\t\t\t\t\t\t\t\t\t<img loading=\"lazy\" decoding=\"async\" width=\"150\" height=\"150\" src=\"https:\/\/dinosgroup.com.br\/portal\/wp-content\/uploads\/2024\/12\/Foto-Anderson-Pioli-6-x-6-cm-150x150.png\" class=\"attachment-thumbnail size-thumbnail wp-image-2131\" alt=\"\" srcset=\"https:\/\/dinosgroup.com.br\/portal\/wp-content\/uploads\/2024\/12\/Foto-Anderson-Pioli-6-x-6-cm-150x150.png 150w, https:\/\/dinosgroup.com.br\/portal\/wp-content\/uploads\/2024\/12\/Foto-Anderson-Pioli-6-x-6-cm-300x300.png 300w, https:\/\/dinosgroup.com.br\/portal\/wp-content\/uploads\/2024\/12\/Foto-Anderson-Pioli-6-x-6-cm.png 709w\" sizes=\"(max-width: 150px) 100vw, 150px\" \/>\t\t\t\t\t\t\t\t\t\t\t\t\t\t\t<\/div>\n\t\t\t\t<\/div>\n\t\t\t\t<div class=\"elementor-element elementor-element-da3ea55 elementor-widget elementor-widget-heading\" data-id=\"da3ea55\" data-element_type=\"widget\" data-widget_type=\"heading.default\">\n\t\t\t\t<div class=\"elementor-widget-container\">\n\t\t\t\t\t<p class=\"elementor-heading-title elementor-size-default\">Anderson Pioli<\/p>\t\t\t\t<\/div>\n\t\t\t\t<\/div>\n\t\t\t\t<div class=\"elementor-element elementor-element-dd5ae3c elementor-widget elementor-widget-text-editor\" data-id=\"dd5ae3c\" data-element_type=\"widget\" data-widget_type=\"text-editor.default\">\n\t\t\t\t<div class=\"elementor-widget-container\">\n\t\t\t\t\t\t\t\t\t<p>DIRETOR RELA\u00c7\u00d5ES P\u00daBLICAS<\/p>\t\t\t\t\t\t\t\t<\/div>\n\t\t\t\t<\/div>\n\t\t\t\t\t<\/div>\n\t\t\t\t<\/div>\n\t\t\t\t<\/div>\n\t\t\t\t\t<\/div>\n\t\t\t\t<\/div>\n\t\t\t\t<\/div>\n\t\t","protected":false},"excerpt":{"rendered":"<p>Diretoria Executiva \/ 2024-2027 P\u00e1gina Inicial Diretoria Jo\u00e3o Carlos Hermenegildo (Chuca) PRESIDENTE Rubens C\u00e9sar Perez VICE PRESIDENTE Edson Haddad DIRETOR ADMINISTRATIVO Jo\u00e3o Lu\u00eds Correa Leite DIRETOR T\u00c9CNICO Nelson Castro DIRETOR FINANCEIRO Anderson Pioli DIRETOR RELA\u00c7\u00d5ES P\u00daBLICAS<\/p>\n","protected":false},"author":1,"featured_media":0,"parent":0,"menu_order":0,"comment_status":"closed","ping_status":"closed","template":"elementor_header_footer","meta":{"footnotes":""},"class_list":["post-1072","page","type-page","status-publish","hentry"],"_links":{"self":[{"href":"https:\/\/dinosgroup.com.br\/portal\/wp-json\/wp\/v2\/pages\/1072","targetHints":{"allow":["GET"]}}],"collection":[{"href":"https:\/\/dinosgroup.com.br\/portal\/wp-json\/wp\/v2\/pages"}],"about":[{"href":"https:\/\/dinosgroup.com.br\/portal\/wp-json\/wp\/v2\/types\/page"}],"author":[{"embeddable":true,"href":"https:\/\/dinosgroup.com.br\/portal\/wp-json\/wp\/v2\/users\/1"}],"replies":[{"embeddable":true,"href":"https:\/\/dinosgroup.com.br\/portal\/wp-json\/wp\/v2\/comments?post=1072"}],"version-history":[{"count":31,"href":"https:\/\/dinosgroup.com.br\/portal\/wp-json\/wp\/v2\/pages\/1072\/revisions"}],"predecessor-version":[{"id":2141,"href":"https:\/\/dinosgroup.com.br\/portal\/wp-json\/wp\/v2\/pages\/1072\/revisions\/2141"}],"wp:attachment":[{"href":"https:\/\/dinosgroup.com.br\/portal\/wp-json\/wp\/v2\/media?parent=1072"}],"curies":[{"name":"wp","href":"https:\/\/api.w.org\/{rel}","templated":true}]}}